{"id":189,"date":"2015-05-14T11:47:13","date_gmt":"2015-05-14T15:47:13","guid":{"rendered":"http:\/\/demos.volovar.net\/townpress.wp\/demo\/?page_id=189"},"modified":"2023-01-19T07:26:44","modified_gmt":"2023-01-19T06:26:44","slug":"town-council","status":"publish","type":"page","link":"https:\/\/www.dedova.cz\/?page_id=189","title":{"rendered":"Zastupitelstvo obce"},"content":{"rendered":"<p>[vc_row][vc_column width=&#8221;1\/2&#8243;]<div class=\"c-team-member\"><div class=\"c-content-box\"><div class=\"team-member-inner\"><h3 class=\"member-name\">Vendula Vallov\u00e1<\/h3><h4 class=\"member-role\">starosta<\/h4><\/div><\/div><\/div>[\/vc_column][vc_column width=&#8221;1\/2&#8243;]<div class=\"c-team-member\"><div class=\"c-content-box\"><div class=\"team-member-inner\"><h3 class=\"member-name\">MUDr. Jarom\u00edr K\u00e1nsk\u00fd<\/h3><h4 class=\"member-role\">m\u00edstostarosta<\/h4><\/div><\/div><\/div>[\/vc_column][\/vc_row][vc_row][vc_column width=&#8221;1\/2&#8243;]<div class=\"c-team-member\"><div class=\"c-content-box\"><div class=\"team-member-inner\"><h3 class=\"member-name\">Marie Pra\u017e\u00e1kova<\/h3><h4 class=\"member-role\">zastupitel<\/h4><\/div><\/div><\/div>[\/vc_column][vc_column width=&#8221;1\/2&#8243;]<div class=\"c-team-member\"><div class=\"c-content-box\"><div class=\"team-member-inner\"><h3 class=\"member-name\">Ing. Petr Balek<\/h3><h4 class=\"member-role\">zastupitel<\/h4><\/div><\/div><\/div>[\/vc_column][\/vc_row][vc_row][vc_column width=&#8221;1\/2&#8243;]<div class=\"c-team-member\"><div class=\"c-content-box\"><div class=\"team-member-inner\"><h3 class=\"member-name\">Dominik La\u0161t\u016fvka<\/h3><h4 class=\"member-role\">zastupitel<\/h4><\/div><\/div><\/div>[\/vc_column][vc_column width=&#8221;1\/2&#8243;]<div class=\"c-team-member\"><div class=\"c-content-box\"><div class=\"team-member-inner\"><h3 class=\"member-name\">Franti\u0161ek Kremina<\/h3><h4 class=\"member-role\">zastupitel<\/h4><\/div><\/div><\/div>[\/vc_column][\/vc_row][vc_row][vc_column width=&#8221;1\/2&#8243;]<div class=\"c-team-member\"><div class=\"c-content-box\"><div class=\"team-member-inner\"><h3 class=\"member-name\">Josef Nekvinda<\/h3><h4 class=\"member-role\">zastupitel<\/h4><\/div><\/div><\/div>[\/vc_column][vc_column width=&#8221;1\/2&#8243;][\/vc_column][\/vc_row]<\/p>\n","protected":false},"excerpt":{"rendered":"<p>[vc_row][vc_column width=&#8221;1\/2&#8243;][\/vc_column][vc_column width=&#8221;1\/2&#8243;][\/vc_column][\/vc_row][vc_row][vc_column width=&#8221;1\/2&#8243;][\/vc_column][vc_column width=&#8221;1\/2&#8243;][\/vc_column][\/vc_row][vc_row][vc_column width=&#8221;1\/2&#8243;][\/vc_column][vc_column width=&#8221;1\/2&#8243;][\/vc_column][\/vc_row][vc_row][vc_column width=&#8221;1\/2&#8243;][\/vc_column][vc_column width=&#8221;1\/2&#8243;][\/vc_column][\/vc_row]<\/p>\n","protected":false},"author":1,"featured_media":0,"parent":0,"menu_order":0,"comment_status":"closed","ping_status":"closed","template":"","meta":{"footnotes":""},"_links":{"self":[{"href":"https:\/\/www.dedova.cz\/index.php?rest_route=\/wp\/v2\/pages\/189"}],"collection":[{"href":"https:\/\/www.dedova.cz\/index.php?rest_route=\/wp\/v2\/pages"}],"about":[{"href":"https:\/\/www.dedova.cz\/index.php?rest_route=\/wp\/v2\/types\/page"}],"author":[{"embeddable":true,"href":"https:\/\/www.dedova.cz\/index.php?rest_route=\/wp\/v2\/users\/1"}],"replies":[{"embeddable":true,"href":"https:\/\/www.dedova.cz\/index.php?rest_route=%2Fwp%2Fv2%2Fcomments&post=189"}],"version-history":[{"count":10,"href":"https:\/\/www.dedova.cz\/index.php?rest_route=\/wp\/v2\/pages\/189\/revisions"}],"predecessor-version":[{"id":1755,"href":"https:\/\/www.dedova.cz\/index.php?rest_route=\/wp\/v2\/pages\/189\/revisions\/1755"}],"wp:attachment":[{"href":"https:\/\/www.dedova.cz\/index.php?rest_route=%2Fwp%2Fv2%2Fmedia&parent=189"}],"curies":[{"name":"wp","href":"https:\/\/api.w.org\/{rel}","templated":true}]}}