{"id":2215,"date":"2023-08-11T12:17:08","date_gmt":"2023-08-11T11:17:08","guid":{"rendered":"https:\/\/www.dedova.cz\/?page_id=2215"},"modified":"2023-08-11T12:17:08","modified_gmt":"2023-08-11T11:17:08","slug":"aktualne","status":"publish","type":"page","link":"https:\/\/www.dedova.cz\/","title":{"rendered":"Aktu\u00e1ln\u011b"},"content":{"rendered":"<p>[vc_row][vc_column]<div class=\"c-article-list m-has-icon m-has-featured\"><div class=\"c-content-box\"><div class=\"article-list-inner\"><div class=\"article-list-content\"><article class=\"featured-article\"><div class=\"article-core\"><h3 class=\"article-title\"><a href=\"https:\/\/www.dedova.cz\/?p=3568\">Fotbal Kameni\u010dky 19. 4. 2026<\/a><\/h3><div class=\"article-date\"><i class=\"ico tp tp-clock2\"><\/i>13.4.2026<\/div><div class=\"article-excerpt\"><p><a href=\"https:\/\/www.dedova.cz\/?attachment_id=3569\" rel=\"attachment wp-att-3569\"><img class=\"alignnone size-large wp-image-3569\" src=\"https:\/\/www.dedova.cz\/wp-content\/uploads\/19.4.2026-muzi-1024x722.jpg\" alt=\"\" width=\"500\" height=\"353\" \/><\/a><\/p>\n<\/div><\/div><\/article><article class=\"featured-article\"><div class=\"article-core\"><h3 class=\"article-title\"><a href=\"https:\/\/www.dedova.cz\/?p=3562\">Svoz velkoobjemov\u00e9ho a nebezpe\u010dn\u00e9ho odpadu<\/a><\/h3><div class=\"article-date\"><i class=\"ico tp tp-clock2\"><\/i>10.4.2026<\/div><div class=\"article-excerpt\"><p>V pond\u011bl\u00ed <strong>20 . 4. 2026<\/strong> prob\u011bhne od<strong> 15:00 hod.<\/strong> svoz velkoobjemov\u00e9ho a nebezpe\u010dn\u00e9ho odpadu.<\/p>\n<p><strong>Svozov\u00e1 m\u00edsta<\/strong> jsou: <strong>doln\u00ed to\u010dna, obecn\u00ed \u00fa\u0159ad, bytovky<\/strong><\/p>\n<p>Odpad si v den svozu p\u0159ed\u00e1 ka\u017ed\u00fd osobn\u011b. Pokud n\u011bkdo nem\u016f\u017ee u p\u0159ed\u00e1n\u00ed b\u00fdt, d\u00e1 odpad na m\u00edsto v ned\u011bli ve\u010der a bude m\u011b kontaktovat, kam a jak\u00fd odpad tam dal.<\/p>\n<p>V\u00edce info co pat\u0159\u00ed a co nepat\u0159\u00ed do VO a NO: <a href=\"https:\/\/www.dedova.cz\/?attachment_id=3563\" rel=\"attachment wp-att-3563\">Svoz velkoobjemov\u00e9ho a nebezpe\u010dn\u00e9ho odpadu<\/a><\/p>\n<\/div><\/div><\/article><article class=\"featured-article\"><div class=\"article-core\"><h3 class=\"article-title\"><a href=\"https:\/\/www.dedova.cz\/?p=3542\">V\u00fdsledky monitoringu pitn\u00fdch vod<\/a><\/h3><div class=\"article-date\"><i class=\"ico tp tp-clock2\"><\/i>23.3.2026<\/div><div class=\"article-excerpt\"><p>Odb\u011br byl proveden 04.03.2026.<\/p>\n<p>Laboratorn\u00ed anal\u00fdzy se skl\u00e1daly z:<\/p>\n<p>kr\u00e1cen\u00e9ho rozboru pitn\u00e9 vody v\u010detn\u011b pesticid\u016f\u00a0 + radiochemie<\/p>\n<p>V\u00fdsledek kr\u00e1cen\u00e9ho rozboru<strong><em>\u00a0a pesticidy spl\u0148uj\u00ed limity ve v\u0161ech\u00a0 sledovan\u00fdch ukazatel\u00edch\u00a0<\/em><\/strong><\/p>\n<p><strong>Radiochemick\u00fd rozbor:<\/strong><\/p>\n<p><strong>objemov\u00e1 aktivita radonu p\u0159evy\u0161uje referen\u010dn\u00ed \u00farove\u0148, jako ji\u017e n\u011bkolikr\u00e1t v minulosti.<\/strong><\/p>\n<p>Celkov\u00e1 <strong>objemov\u00e1 aktivita alfa a beta nep\u0159evy\u0161uje<\/strong> vy\u0161et\u0159ovac\u00ed \u00farove\u0148 0,20 Bq\/l, kterou stanov\u00ed vyhl\u00e1\u0161ka \u010d. 422\/2016 Sb.<\/p>\n<p>&nbsp;<\/p>\n<\/div><\/div><\/article><article class=\"featured-article\"><div class=\"article-core\"><h3 class=\"article-title\"><a href=\"https:\/\/www.dedova.cz\/?p=3536\">Z\u00e1pis do M\u0160 Kameni\u010dky<\/a><\/h3><div class=\"article-date\"><i class=\"ico tp tp-clock2\"><\/i>17.3.2026<\/div><div class=\"article-excerpt\"><p><a href=\"https:\/\/www.dedova.cz\/?attachment_id=3537\" rel=\"attachment wp-att-3537\"><img class=\"alignnone  wp-image-3537\" src=\"https:\/\/www.dedova.cz\/wp-content\/uploads\/ZAPIS-DO-MS-8.DUBEN_.png\" alt=\"\" width=\"447\" height=\"633\" \/><\/a><\/p>\n<\/div><\/div><\/article><article class=\"featured-article\"><div class=\"article-core\"><h3 class=\"article-title\"><a href=\"https:\/\/www.dedova.cz\/?p=3530\">Kameni\u010dky &#8211; 11. ro\u010dn\u00edk\u00a0turnaje ve stoln\u00edm tenisu<\/a><\/h3><div class=\"article-date\"><i class=\"ico tp tp-clock2\"><\/i>12.3.2026<\/div><div class=\"article-excerpt\"><p class=\"elementtoproof\" style=\"background: white;\"><span style=\"font-size: 11.0pt; font-family: 'Calibri',sans-serif; color: black;\">M\u00edstn\u00ed organizace KDU-\u010cSL Jen\u00edkov a Kameni\u010dky a Orel Kameni\u010dky V\u00e1s srde\u010dn\u011b zvou na 11. ro\u010dn\u00edk\u00a0turnaje ve stoln\u00edm tenisu.<\/span><\/p>\n<p class=\"elementtoproof\" style=\"background: white;\"><span style=\"font-size: 11.0pt; font-family: 'Calibri',sans-serif; color: black;\">M\u016f\u017eete se t\u011b\u0161it na slu\u0161nou porci z\u00e1pas\u016f, dobr\u00e9 ob\u010derstven\u00ed a zaj\u00edmav\u00e9 ceny.<\/span><\/p>\n<p class=\"elementtoproof\" style=\"background: white;\"><span style=\"font-size: 11.0pt; font-family: 'Calibri',sans-serif; color: black;\">I letos budeme hr\u00e1t \u0161v\u00fdcarsk\u00fdm syst\u00e9mem v\u00a0kategori\u00edch d\u011bti a dosp\u011bl\u00ed.<\/span><\/p>\n<p class=\"elementtoproof\" style=\"background: white;\"><span style=\"font-size: 11.0pt; font-family: 'Calibri',sans-serif; color: black;\">Kapacita hr\u00e1\u010d\u016f je omezena.<\/span><\/p>\n<p class=\"elementtoproof\" style=\"background: white;\"><span style=\"font-size: 11.0pt; font-family: 'Calibri',sans-serif; color: black;\">T\u011b\u0161\u00edme se na dobrou hru!<\/span><\/p>\n<p class=\"elementtoproof\" style=\"background: white;\"><span style=\"font-size: 11.0pt; font-family: 'Calibri',sans-serif; color: black;\">\u00a0<\/span><\/p>\n<p class=\"elementtoproof\" style=\"background: white;\"><a href=\"https:\/\/www.dedova.cz\/?attachment_id=3531\" rel=\"attachment wp-att-3531\"><img class=\"alignnone size-large wp-image-3531\" src=\"https:\/\/www.dedova.cz\/wp-content\/uploads\/pinec2026-Kamenicky-727x1024.jpg\" alt=\"\" width=\"500\" height=\"704\" \/><\/a><\/p>\n<\/div><\/div><\/article><article class=\"brief-article\"><h3 class=\"article-title\"><a href=\"https:\/\/www.dedova.cz\/?p=3518\">10. hlineck\u00fd d\u011btsk\u00fd b\u00e1l<\/a><\/h3><div class=\"article-date\">4.3.2026<\/div><\/article><article class=\"brief-article\"><h3 class=\"article-title\"><a href=\"https:\/\/www.dedova.cz\/?p=3505\">Nov\u00e1 mobiln\u00ed aplikace IREDO<\/a><\/h3><div class=\"article-date\">2.2.2026<\/div><\/article><article class=\"brief-article\"><h3 class=\"article-title\"><a href=\"https:\/\/www.dedova.cz\/?p=3498\">Nab\u00eddka star\u0161\u00edch slepi\u010dek s dovozem \u201ea\u017e do kurn\u00edku\u201c<\/a><\/h3><div class=\"article-date\">26.1.2026<\/div><\/article><article class=\"brief-article\"><h3 class=\"article-title\"><a href=\"https:\/\/www.dedova.cz\/?p=3494\">Pohybov\u00e9 centrum Maya v Hlinsku<\/a><\/h3><div class=\"article-date\">23.1.2026<\/div><\/article><article class=\"brief-article\"><h3 class=\"article-title\"><a href=\"https:\/\/www.dedova.cz\/?p=3487\">Odst\u00e1vka \u010cEZ<\/a><\/h3><div class=\"article-date\">16.1.2026<\/div><\/article><article class=\"brief-article\"><h3 class=\"article-title\"><a href=\"https:\/\/www.dedova.cz\/?p=3480\">T\u0159\u00edkr\u00e1lov\u00e1 sb\u00edrka 2026 &#8211; se\u010dten\u00ed kasi\u010dek<\/a><\/h3><div class=\"article-date\">12.1.2026<\/div><\/article><article class=\"brief-article\"><h3 class=\"article-title\"><a href=\"https:\/\/www.dedova.cz\/?p=3467\">Svoz komun\u00e1ln\u00edho odpadu na rok 2026<\/a><\/h3><div class=\"article-date\">5.1.2026<\/div><\/article><article class=\"brief-article\"><h3 class=\"article-title\"><a href=\"https:\/\/www.dedova.cz\/?p=3464\">T\u0159\u00edkr\u00e1lov\u00e1 sb\u00edrka 2026<\/a><\/h3><div class=\"article-date\">5.1.2026<\/div><\/article><article class=\"brief-article\"><h3 class=\"article-title\"><a href=\"https:\/\/www.dedova.cz\/?p=3453\">\u00da\u0159edn\u00ed hodiny a vodn\u00e9 za rok 2025<\/a><\/h3><div class=\"article-date\">15.12.2025<\/div><\/article><article class=\"brief-article\"><h3 class=\"article-title\"><a href=\"https:\/\/www.dedova.cz\/?p=3439\">Ozn\u00e1men\u00ed obce D\u011bdov\u00e1 &#8211; nov\u00e1 pravidla pro pou\u017e\u00edv\u00e1n\u00ed pyrotechniky<\/a><\/h3><div class=\"article-date\">1.12.2025<\/div><\/article><\/div><\/div><\/div><\/div>[\/vc_column][\/vc_row]<\/p>\n","protected":false},"excerpt":{"rendered":"<p>[vc_row][vc_column][\/vc_column][\/vc_row]<\/p>\n","protected":false},"author":1,"featured_media":0,"parent":0,"menu_order":0,"comment_status":"closed","ping_status":"closed","template":"","meta":{"footnotes":""},"_links":{"self":[{"href":"https:\/\/www.dedova.cz\/index.php?rest_route=\/wp\/v2\/pages\/2215"}],"collection":[{"href":"https:\/\/www.dedova.cz\/index.php?rest_route=\/wp\/v2\/pages"}],"about":[{"href":"https:\/\/www.dedova.cz\/index.php?rest_route=\/wp\/v2\/types\/page"}],"author":[{"embeddable":true,"href":"https:\/\/www.dedova.cz\/index.php?rest_route=\/wp\/v2\/users\/1"}],"replies":[{"embeddable":true,"href":"https:\/\/www.dedova.cz\/index.php?rest_route=%2Fwp%2Fv2%2Fcomments&post=2215"}],"version-history":[{"count":1,"href":"https:\/\/www.dedova.cz\/index.php?rest_route=\/wp\/v2\/pages\/2215\/revisions"}],"predecessor-version":[{"id":2216,"href":"https:\/\/www.dedova.cz\/index.php?rest_route=\/wp\/v2\/pages\/2215\/revisions\/2216"}],"wp:attachment":[{"href":"https:\/\/www.dedova.cz\/index.php?rest_route=%2Fwp%2Fv2%2Fmedia&parent=2215"}],"curies":[{"name":"wp","href":"https:\/\/api.w.org\/{rel}","templated":true}]}}