{"id":237,"date":"2016-08-25T06:29:39","date_gmt":"2016-08-25T06:29:39","guid":{"rendered":"http:\/\/web.dedova.cz\/?page_id=237"},"modified":"2016-08-25T06:31:27","modified_gmt":"2016-08-25T06:31:27","slug":"mikroregion-hlinecko","status":"publish","type":"page","link":"https:\/\/www.dedova.cz\/?page_id=237","title":{"rendered":"Mikroregion Hlinecko"},"content":{"rendered":"<p><a href=\"http:\/\/web.dedova.cz\/wp-content\/uploads\/2016\/08\/logo_m.jpg\"><img decoding=\"async\" loading=\"lazy\" class=\"size-medium wp-image-239 alignright\" src=\"http:\/\/web.dedova.cz\/wp-content\/uploads\/2016\/08\/logo_m.jpg\" alt=\"logo_m\" width=\"180\" height=\"118\" \/><\/a>\u00dazem\u00ed mikroregionu Hlinecko le\u017e\u00ed v ji\u017en\u00ed \u010d\u00e1sti okresu Chrudim a je tvo\u0159eno spr\u00e1vn\u00edmi \u00fazem\u00edmi 30 obc\u00ed. O v\u00fdrazn\u00fdch krajinn\u00fdch hodnot\u00e1ch mikroregionu sv\u011bd\u010d\u00ed to, \u017ee v\u011bt\u0161ina jeho \u00fazem\u00ed le\u017e\u00ed v Chr\u00e1n\u011bn\u00e9 krajinn\u00e9 oblasti CHKO \u017d\u010f\u00e1rsk\u00e9 vrchy a CHKO \u017delezn\u00e9 hory. Tyto krajinn\u00e9 a p\u0159\u00edrodn\u00ed hodnoty vytv\u00e1\u0159ej\u00ed podm\u00ednky pro rekreaci a cestovn\u00ed ruch i nadregion\u00e1ln\u00edho v\u00fdznamu. Z tohoto pohledu v mikroregionu p\u0159evl\u00e1d\u00e1 letn\u00ed rekreace, a nyn\u00ed stoupaj\u00edc\u00ed z\u00e1jem o cykloturistiku. Vzr\u016fstaj\u00edc\u00edho z\u00e1jmu se t\u011b\u0161\u00ed i rekreace zimn\u00ed. V\u00fdznam mikroregionu je d\u00e1le zd\u016frazn\u011bn existenc\u00ed kulturn\u00edch hodnot, spo\u010d\u00edvaj\u00edc\u00ed v dochovan\u00e9 lidov\u00e9 architektu\u0159e. Hlavn\u00edm centrem se tak st\u00e1v\u00e1 skanzen lidov\u00fdch staveb Vesel\u00fd kopec a soubor staveb Betl\u00e9m v Hlinsku. Z hlediska \u0161ir\u0161\u00edch \u00fazemn\u00edch vazeb je mikroregion atraktivn\u00ed pro snadnou prostupnost jak silni\u010dn\u00ed, tak i \u017eelezni\u010dn\u00ed dopravou. Cel\u00e1 \u0159ada s\u00eddeln\u00edch \u00fatvar\u016f m\u00e1 i v\u00fdrazn\u00fd ekonomick\u00fd potenci\u00e1l, kter\u00fd je mo\u017eno postupn\u011b umoc\u0148ovat s ohledem na pot\u0159ebnou vyu\u017eitelnost pracovn\u00edch zdroj\u016f mikroregionu.<\/p>\n<p><a href=\"http:\/\/web.dedova.cz\/wp-content\/uploads\/2016\/08\/chko_logo_m.jpg\"><img decoding=\"async\" loading=\"lazy\" class=\"alignnone size-medium wp-image-238\" src=\"http:\/\/web.dedova.cz\/wp-content\/uploads\/2016\/08\/chko_logo_m-300x267.jpg\" alt=\"chko_logo_m\" width=\"300\" height=\"267\" srcset=\"https:\/\/www.dedova.cz\/wp-content\/uploads\/2016\/08\/chko_logo_m-300x267.jpg 300w, https:\/\/www.dedova.cz\/wp-content\/uploads\/2016\/08\/chko_logo_m.jpg 485w\" sizes=\"(max-width: 300px) 100vw, 300px\" \/><\/a><\/p>\n","protected":false},"excerpt":{"rendered":"<p>\u00dazem\u00ed mikroregionu Hlinecko le\u017e\u00ed v ji\u017en\u00ed \u010d\u00e1sti okresu Chrudim a je tvo\u0159eno spr\u00e1vn\u00edmi \u00fazem\u00edmi 30 obc\u00ed. O v\u00fdrazn\u00fdch krajinn\u00fdch hodnot\u00e1ch mikroregionu sv\u011bd\u010d\u00ed to, \u017ee v\u011bt\u0161ina jeho \u00fazem\u00ed le\u017e\u00ed v Chr\u00e1n\u011bn\u00e9 krajinn\u00e9 oblasti CHKO \u017d\u010f\u00e1rsk\u00e9 vrchy a CHKO \u017delezn\u00e9 hory. Tyto krajinn\u00e9 a p\u0159\u00edrodn\u00ed hodnoty vytv\u00e1\u0159ej\u00ed podm\u00ednky pro rekreaci a cestovn\u00ed ruch i nadregion\u00e1ln\u00edho v\u00fdznamu. Z [&hellip;]<\/p>\n","protected":false},"author":1,"featured_media":0,"parent":0,"menu_order":0,"comment_status":"closed","ping_status":"closed","template":"","meta":{"footnotes":""},"_links":{"self":[{"href":"https:\/\/www.dedova.cz\/index.php?rest_route=\/wp\/v2\/pages\/237"}],"collection":[{"href":"https:\/\/www.dedova.cz\/index.php?rest_route=\/wp\/v2\/pages"}],"about":[{"href":"https:\/\/www.dedova.cz\/index.php?rest_route=\/wp\/v2\/types\/page"}],"author":[{"embeddable":true,"href":"https:\/\/www.dedova.cz\/index.php?rest_route=\/wp\/v2\/users\/1"}],"replies":[{"embeddable":true,"href":"https:\/\/www.dedova.cz\/index.php?rest_route=%2Fwp%2Fv2%2Fcomments&post=237"}],"version-history":[{"count":2,"href":"https:\/\/www.dedova.cz\/index.php?rest_route=\/wp\/v2\/pages\/237\/revisions"}],"predecessor-version":[{"id":241,"href":"https:\/\/www.dedova.cz\/index.php?rest_route=\/wp\/v2\/pages\/237\/revisions\/241"}],"wp:attachment":[{"href":"https:\/\/www.dedova.cz\/index.php?rest_route=%2Fwp%2Fv2%2Fmedia&parent=237"}],"curies":[{"name":"wp","href":"https:\/\/api.w.org\/{rel}","templated":true}]}}