{"id":653,"date":"2016-10-04T13:20:40","date_gmt":"2016-10-04T13:20:40","guid":{"rendered":"http:\/\/web.dedova.cz\/?page_id=653"},"modified":"2024-01-02T17:49:09","modified_gmt":"2024-01-02T16:49:09","slug":"kontakt","status":"publish","type":"page","link":"https:\/\/www.dedova.cz\/?page_id=653","title":{"rendered":"Kontakt"},"content":{"rendered":"<p><strong>Obecn\u00ed \u00fa\u0159ad D\u011bdov\u00e1<\/strong><\/p>\n<p align=\"left\"><b>D\u011bdov\u00e1 38, 539 01\u00a0 Hlinsko<br \/>\nI\u010cO\u00a000269964<\/b><\/p>\n<p align=\"left\">ID datov\u00e9 schr\u00e1nky: 7rba4j2<\/p>\n<p align=\"left\">\u010c\u00edslo \u00fa\u010dtu: 11728531\/0100<\/p>\n<p align=\"left\"><b>\u00da\u0159edn\u00ed hodiny:<\/b><\/p>\n<p align=\"left\">Pond\u011bl\u00ed 17:00 &#8211; 19:00<\/p>\n<table style=\"height: 152px;\" border=\"1\" width=\"673\">\n<tbody>\n<tr>\n<td align=\"center\" bgcolor=\"#c0c0c0\">telefon<\/td>\n<td align=\"center\" bgcolor=\"#c0c0c0\" width=\"51%\">469341437<\/td>\n<\/tr>\n<tr>\n<td align=\"center\" bgcolor=\"#c0c0c0\">fax<\/td>\n<td align=\"center\" bgcolor=\"#c0c0c0\" width=\"51%\">\n<p align=\"center\">&#8211;<\/p>\n<\/td>\n<\/tr>\n<tr>\n<td align=\"center\" bgcolor=\"#c0c0c0\">email<\/td>\n<td align=\"center\" bgcolor=\"#c0c0c0\" width=\"51%\"><a>starosta@dedova.cz<\/a><\/td>\n<\/tr>\n<tr>\n<td align=\"center\" bgcolor=\"#c0c0c0\">www<\/td>\n<td align=\"center\" bgcolor=\"#c0c0c0\" width=\"51%\"><a href=\"http:\/\/www.svratouch.cz\/\">http:\/\/www.dedova.cz\/<\/a><\/td>\n<\/tr>\n<\/tbody>\n<\/table>\n<table style=\"height: 195px;\" border=\"1\" width=\"674\" cellspacing=\"0\">\n<tbody>\n<tr>\n<td colspan=\"4\" bgcolor=\"#c0c0c0\" width=\"99%\">\n<p align=\"center\"><b>Zam\u011bstnanci O\u00da<\/b><\/p>\n<\/td>\n<\/tr>\n<tr>\n<td align=\"center\" bgcolor=\"#c0c0c0\" width=\"26%\"><b>Vendula Vallov\u00e1<\/b><\/td>\n<td align=\"center\" bgcolor=\"#c0c0c0\" width=\"23%\">starosta<\/td>\n<td align=\"center\" bgcolor=\"#c0c0c0\" width=\"28%\">607078287<\/td>\n<td align=\"center\" bgcolor=\"#c0c0c0\" width=\"22%\"><a>starosta@dedova.cz<\/a><\/td>\n<\/tr>\n<tr>\n<td align=\"center\" bgcolor=\"#c0c0c0\" width=\"26%\"><strong>MUDr. Jarom\u00edr K\u00e1nsk\u00fd<\/strong><\/td>\n<td align=\"center\" bgcolor=\"#c0c0c0\" width=\"23%\">m\u00edstostarosta<\/td>\n<td align=\"center\" bgcolor=\"#c0c0c0\" width=\"28%\">607078289<\/td>\n<td align=\"center\" bgcolor=\"#c0c0c0\" width=\"22%\"><\/td>\n<\/tr>\n<tr>\n<td align=\"center\" bgcolor=\"#c0c0c0\" width=\"26%\"><b>Bc. Tereza Gregorov\u00e1<\/b><\/td>\n<td align=\"center\" bgcolor=\"#c0c0c0\" width=\"23%\">\u00fa\u010detn\u00ed<\/td>\n<td align=\"center\" bgcolor=\"#c0c0c0\" width=\"28%\"><\/td>\n<td align=\"center\" bgcolor=\"#c0c0c0\" width=\"22%\">ekonom@dedova.cz<\/td>\n<\/tr>\n<\/tbody>\n<\/table>\n<p><span class=\"article_seperator\"><div class=\"c-gmap\"><div class=\"gmap-canvas\" style=\"height: 400px;\" data-address=\"D\u011bdov\u00e1 38, Hlinsko, CZ\" data-zoom=\"18\" data-maptype=\"satellite\" data-enable-mousewheel=\"false\"><\/div><\/div><\/span><\/p>\n","protected":false},"excerpt":{"rendered":"<p>Obecn\u00ed \u00fa\u0159ad D\u011bdov\u00e1 D\u011bdov\u00e1 38, 539 01\u00a0 Hlinsko I\u010cO\u00a000269964 ID datov\u00e9 schr\u00e1nky: 7rba4j2 \u010c\u00edslo \u00fa\u010dtu: 11728531\/0100 \u00da\u0159edn\u00ed hodiny: Pond\u011bl\u00ed 17:00 &#8211; 19:00 telefon 469341437 fax &#8211; email starosta@dedova.cz www http:\/\/www.dedova.cz\/ Zam\u011bstnanci O\u00da Vendula Vallov\u00e1 starosta 607078287 starosta@dedova.cz MUDr. Jarom\u00edr K\u00e1nsk\u00fd m\u00edstostarosta 607078289 Bc. Tereza Gregorov\u00e1 \u00fa\u010detn\u00ed ekonom@dedova.cz<\/p>\n","protected":false},"author":1,"featured_media":0,"parent":0,"menu_order":0,"comment_status":"closed","ping_status":"closed","template":"","meta":{"footnotes":""},"_links":{"self":[{"href":"https:\/\/www.dedova.cz\/index.php?rest_route=\/wp\/v2\/pages\/653"}],"collection":[{"href":"https:\/\/www.dedova.cz\/index.php?rest_route=\/wp\/v2\/pages"}],"about":[{"href":"https:\/\/www.dedova.cz\/index.php?rest_route=\/wp\/v2\/types\/page"}],"author":[{"embeddable":true,"href":"https:\/\/www.dedova.cz\/index.php?rest_route=\/wp\/v2\/users\/1"}],"replies":[{"embeddable":true,"href":"https:\/\/www.dedova.cz\/index.php?rest_route=%2Fwp%2Fv2%2Fcomments&post=653"}],"version-history":[{"count":11,"href":"https:\/\/www.dedova.cz\/index.php?rest_route=\/wp\/v2\/pages\/653\/revisions"}],"predecessor-version":[{"id":2541,"href":"https:\/\/www.dedova.cz\/index.php?rest_route=\/wp\/v2\/pages\/653\/revisions\/2541"}],"wp:attachment":[{"href":"https:\/\/www.dedova.cz\/index.php?rest_route=%2Fwp%2Fv2%2Fmedia&parent=653"}],"curies":[{"name":"wp","href":"https:\/\/api.w.org\/{rel}","templated":true}]}}