{"id":697,"date":"2016-11-07T14:21:14","date_gmt":"2016-11-07T14:21:14","guid":{"rendered":"http:\/\/web.dedova.cz\/?page_id=697"},"modified":"2023-01-18T22:28:05","modified_gmt":"2023-01-18T21:28:05","slug":"vybory-zastupitelstva","status":"publish","type":"page","link":"https:\/\/www.dedova.cz\/?page_id=697","title":{"rendered":"V\u00fdbory zastupitelstva"},"content":{"rendered":"<p><strong>Kontroln\u00ed v\u00fdbor<\/strong><\/p>\n<p>p\u0159edseda: Marie Pra\u017e\u00e1kov\u00e1<\/p>\n<p>\u010dlenov\u00e9: Franti\u0161ek Kremina, Josef Nekvinda<\/p>\n<hr \/>\n<p><strong>Finan\u010dn\u00ed v\u00fdbor<\/strong><\/p>\n<p>p\u0159edseda: Ing. Petr Balek<\/p>\n<p>\u010dlenov\u00e9:\u00a0 Dominik La\u0161t\u016fvka, Josef Nekvinda<\/p>\n","protected":false},"excerpt":{"rendered":"<p>Kontroln\u00ed v\u00fdbor p\u0159edseda: Marie Pra\u017e\u00e1kov\u00e1 \u010dlenov\u00e9: Franti\u0161ek Kremina, Josef Nekvinda Finan\u010dn\u00ed v\u00fdbor p\u0159edseda: Ing. Petr Balek \u010dlenov\u00e9:\u00a0 Dominik La\u0161t\u016fvka, Josef Nekvinda<\/p>\n","protected":false},"author":1,"featured_media":0,"parent":0,"menu_order":0,"comment_status":"closed","ping_status":"closed","template":"","meta":{"footnotes":""},"_links":{"self":[{"href":"https:\/\/www.dedova.cz\/index.php?rest_route=\/wp\/v2\/pages\/697"}],"collection":[{"href":"https:\/\/www.dedova.cz\/index.php?rest_route=\/wp\/v2\/pages"}],"about":[{"href":"https:\/\/www.dedova.cz\/index.php?rest_route=\/wp\/v2\/types\/page"}],"author":[{"embeddable":true,"href":"https:\/\/www.dedova.cz\/index.php?rest_route=\/wp\/v2\/users\/1"}],"replies":[{"embeddable":true,"href":"https:\/\/www.dedova.cz\/index.php?rest_route=%2Fwp%2Fv2%2Fcomments&post=697"}],"version-history":[{"count":5,"href":"https:\/\/www.dedova.cz\/index.php?rest_route=\/wp\/v2\/pages\/697\/revisions"}],"predecessor-version":[{"id":1752,"href":"https:\/\/www.dedova.cz\/index.php?rest_route=\/wp\/v2\/pages\/697\/revisions\/1752"}],"wp:attachment":[{"href":"https:\/\/www.dedova.cz\/index.php?rest_route=%2Fwp%2Fv2%2Fmedia&parent=697"}],"curies":[{"name":"wp","href":"https:\/\/api.w.org\/{rel}","templated":true}]}}