{"id":704,"date":"2016-11-07T14:42:07","date_gmt":"2016-11-07T14:42:07","guid":{"rendered":"http:\/\/web.dedova.cz\/?page_id=704"},"modified":"2016-11-07T14:42:07","modified_gmt":"2016-11-07T14:42:07","slug":"prakticke-informace","status":"publish","type":"page","link":"https:\/\/www.dedova.cz\/?page_id=704","title":{"rendered":"Praktick\u00e9 informace"},"content":{"rendered":"<p><strong>Obecn\u00ed\u00a0\u00fa\u0159ad\u00a0zaji\u0161\u0165uje tyto spr\u00e1vn\u00ed \u00fakony:<\/strong><\/p>\n<ul>\n<li>Evidence obyvatel &#8211; p\u0159ihl\u00e1\u0161en\u00ed a odhl\u00e1\u0161en\u00ed k trval\u00e9mu pobytu<\/li>\n<li>Ov\u011b\u0159ov\u00e1n\u00ed dokument\u016f, podpis\u016f<\/li>\n<\/ul>\n<hr \/>\n<p><strong>M\u011bstsk\u00fd \u00fa\u0159ad\u00a0Hlinsko zaji\u0161\u0165uje tyto spr\u00e1vn\u00ed \u00fakony:<\/strong><\/p>\n<ul>\n<li>Matri\u010dn\u00ed \u00fa\u0159ad<\/li>\n<li>Vyd\u00e1v\u00e1n\u00ed osobn\u00edch doklad\u016f &#8211; ob\u010dansk\u00fd pr\u016fkaz, cestovn\u00ed pas, \u0159idi\u010dsk\u00fd pr\u016fkaz<\/li>\n<li>Vyd\u00e1n\u00ed \u017eivnostensk\u00e9ho listu, registrace podnik\u00e1n\u00ed<\/li>\n<li>Stavebn\u00ed \u00fa\u0159ad, finan\u010dn\u00ed \u00fa\u0159ad, OSSZ<\/li>\n<\/ul>\n","protected":false},"excerpt":{"rendered":"<p>Obecn\u00ed\u00a0\u00fa\u0159ad\u00a0zaji\u0161\u0165uje tyto spr\u00e1vn\u00ed \u00fakony: Evidence obyvatel &#8211; p\u0159ihl\u00e1\u0161en\u00ed a odhl\u00e1\u0161en\u00ed k trval\u00e9mu pobytu Ov\u011b\u0159ov\u00e1n\u00ed dokument\u016f, podpis\u016f M\u011bstsk\u00fd \u00fa\u0159ad\u00a0Hlinsko zaji\u0161\u0165uje tyto spr\u00e1vn\u00ed \u00fakony: Matri\u010dn\u00ed \u00fa\u0159ad Vyd\u00e1v\u00e1n\u00ed osobn\u00edch doklad\u016f &#8211; ob\u010dansk\u00fd pr\u016fkaz, cestovn\u00ed pas, \u0159idi\u010dsk\u00fd pr\u016fkaz Vyd\u00e1n\u00ed \u017eivnostensk\u00e9ho listu, registrace podnik\u00e1n\u00ed Stavebn\u00ed \u00fa\u0159ad, finan\u010dn\u00ed \u00fa\u0159ad, OSSZ<\/p>\n","protected":false},"author":1,"featured_media":0,"parent":0,"menu_order":0,"comment_status":"closed","ping_status":"closed","template":"","meta":{"footnotes":""},"_links":{"self":[{"href":"https:\/\/www.dedova.cz\/index.php?rest_route=\/wp\/v2\/pages\/704"}],"collection":[{"href":"https:\/\/www.dedova.cz\/index.php?rest_route=\/wp\/v2\/pages"}],"about":[{"href":"https:\/\/www.dedova.cz\/index.php?rest_route=\/wp\/v2\/types\/page"}],"author":[{"embeddable":true,"href":"https:\/\/www.dedova.cz\/index.php?rest_route=\/wp\/v2\/users\/1"}],"replies":[{"embeddable":true,"href":"https:\/\/www.dedova.cz\/index.php?rest_route=%2Fwp%2Fv2%2Fcomments&post=704"}],"version-history":[{"count":2,"href":"https:\/\/www.dedova.cz\/index.php?rest_route=\/wp\/v2\/pages\/704\/revisions"}],"predecessor-version":[{"id":706,"href":"https:\/\/www.dedova.cz\/index.php?rest_route=\/wp\/v2\/pages\/704\/revisions\/706"}],"wp:attachment":[{"href":"https:\/\/www.dedova.cz\/index.php?rest_route=%2Fwp%2Fv2%2Fmedia&parent=704"}],"curies":[{"name":"wp","href":"https:\/\/api.w.org\/{rel}","templated":true}]}}